{"id":217,"date":"2017-12-26T11:27:03","date_gmt":"2017-12-26T10:27:03","guid":{"rendered":"http:\/\/victoria-selwyn.eu\/?page_id=217"},"modified":"2021-03-12T15:46:04","modified_gmt":"2021-03-12T14:46:04","slug":"me-contacter","status":"publish","type":"page","link":"https:\/\/victoria-selwyn.eu\/index.php\/fr\/me-contacter\/","title":{"rendered":"Me contacter"},"content":{"rendered":"<p><strong>Contactez-moi <\/strong>\u00e0<strong> victoria.selwyn@free.fr<\/strong> (pr\u00e9f\u00e9rable dans un premier temps) <strong>ou +33 (0)2 35 56 90 09<\/strong>. Si vous m&#8217;envoyez un m\u00e9l ou me laissez un message, je ferai de mon mieux pour vous r\u00e9pondre dans les meilleurs d\u00e9lais.<\/p>\n","protected":false},"excerpt":{"rendered":"<p>Contactez-moi \u00e0 victoria.selwyn@free.fr (pr\u00e9f\u00e9rable dans un premier temps) ou +33 (0)2 35 56 90 09. Si vous m&#8217;envoyez un m\u00e9l ou me laissez un message, je ferai de mon mieux pour vous r\u00e9pondre dans les <a class=\"more-link\" href=\"https:\/\/victoria-selwyn.eu\/index.php\/fr\/me-contacter\/\">Read More &#8230;<\/a><\/p>\n","protected":false},"author":1,"featured_media":0,"parent":0,"menu_order":5,"comment_status":"closed","ping_status":"closed","template":"","meta":{"footnotes":""},"class_list":["post-217","page","type-page","status-publish","hentry"],"_links":{"self":[{"href":"https:\/\/victoria-selwyn.eu\/index.php\/wp-json\/wp\/v2\/pages\/217","targetHints":{"allow":["GET"]}}],"collection":[{"href":"https:\/\/victoria-selwyn.eu\/index.php\/wp-json\/wp\/v2\/pages"}],"about":[{"href":"https:\/\/victoria-selwyn.eu\/index.php\/wp-json\/wp\/v2\/types\/page"}],"author":[{"embeddable":true,"href":"https:\/\/victoria-selwyn.eu\/index.php\/wp-json\/wp\/v2\/users\/1"}],"replies":[{"embeddable":true,"href":"https:\/\/victoria-selwyn.eu\/index.php\/wp-json\/wp\/v2\/comments?post=217"}],"version-history":[{"count":4,"href":"https:\/\/victoria-selwyn.eu\/index.php\/wp-json\/wp\/v2\/pages\/217\/revisions"}],"predecessor-version":[{"id":316,"href":"https:\/\/victoria-selwyn.eu\/index.php\/wp-json\/wp\/v2\/pages\/217\/revisions\/316"}],"wp:attachment":[{"href":"https:\/\/victoria-selwyn.eu\/index.php\/wp-json\/wp\/v2\/media?parent=217"}],"curies":[{"name":"wp","href":"https:\/\/api.w.org\/{rel}","templated":true}]}}